{"id":513,"date":"2017-08-23T10:21:54","date_gmt":"2017-08-23T08:21:54","guid":{"rendered":"http:\/\/dev.bajan.sk\/veza\/?page_id=513\/"},"modified":"2020-02-12T09:37:42","modified_gmt":"2020-02-12T08:37:42","slug":"imprezy-i-wydarzenia","status":"publish","type":"page","link":"https:\/\/chodnikkorunamistromov.sk\/pl\/imprezy-i-wydarzenia\/","title":{"rendered":"Imprezy i wydarzenia"},"content":{"rendered":"[spb_row element_name=&#8221;O ve\u017ei&#8221; wrap_type=&#8221;standard-width&#8221; row_bg_type=&#8221;color&#8221; color_row_height=&#8221;content-height&#8221; bg_type=&#8221;cover&#8221; parallax_image_height=&#8221;content-height&#8221; parallax_image_movement=&#8221;fixed&#8221; parallax_image_speed=&#8221;standard&#8221; bg_video_loop=&#8221;yes&#8221; parallax_video_height=&#8221;window-height&#8221; row_top_style=&#8221;none&#8221; row_bottom_style=&#8221;none&#8221; parallax_video_overlay=&#8221;none&#8221; row_overlay_opacity=&#8221;0&#8243; remove_element_spacing=&#8221;no&#8221; row_col_spacing=&#8221;0&#8243; row_col_pos=&#8221;default&#8221; row_col_equal_heights=&#8221;no&#8221; row_expanding=&#8221;no&#8221; row_animation=&#8221;none&#8221; row_animation_delay=&#8221;0&#8243; minimize_row=&#8221;no&#8221; simplified_controls=&#8221;yes&#8221; custom_css_percentage=&#8221;no&#8221; custom_css=&#8221;margin-top: 0px;margin-bottom: 0px;&#8221; border_styling_global=&#8221;default&#8221; el_class=&#8221;space&#8221; width=&#8221;1\/1&#8243; el_position=&#8221;first last&#8221;] [spb_blank_spacer responsive_vis=&#8221;hidden-lg_hidden-md_hidden-sm&#8221; height=&#8221;30px&#8221; width=&#8221;1\/1&#8243; el_position=&#8221;first last&#8221;] [spb_blog blog_type=&#8221;masonry&#8221; gutters=&#8221;yes&#8221; columns=&#8221;2&#8243; fullwidth=&#8221;no&#8221; item_count=&#8221;6&#8243; category=&#8221;All&#8221; offset=&#8221;0&#8243; order_by=&#8221;date&#8221; order=&#8221;DESC&#8221; show_title=&#8221;yes&#8221; show_excerpt=&#8221;yes&#8221; show_details=&#8221;yes&#8221; excerpt_length=&#8221;20&#8243; content_output=&#8221;excerpt&#8221; show_read_more=&#8221;yes&#8221; social_integration=&#8221;no&#8221; blog_filter=&#8221;yes&#8221; basic_blog_filter=&#8221;no&#8221; pagination=&#8221;infinite-scroll&#8221; width=&#8221;1\/1&#8243; el_position=&#8221;first last&#8221;] [\/spb_row] [spb_row element_name=&#8221;Newsletter&#8221; wrap_type=&#8221;standard-width&#8221; row_bg_type=&#8221;color&#8221; color_row_height=&#8221;content-height&#8221; bg_type=&#8221;cover&#8221; parallax_image_height=&#8221;content-height&#8221; parallax_image_movement=&#8221;fixed&#8221; parallax_image_speed=&#8221;standard&#8221; bg_video_loop=&#8221;yes&#8221; parallax_video_height=&#8221;window-height&#8221; row_id=&#8221;zaujimavosti&#8221; row_name=&#8221;Zaujimavosti&#8221; row_top_style=&#8221;none&#8221; row_bottom_style=&#8221;none&#8221; parallax_video_overlay=&#8221;none&#8221; row_overlay_opacity=&#8221;0&#8243; remove_element_spacing=&#8221;no&#8221; row_col_spacing=&#8221;30&#8243; row_col_pos=&#8221;default&#8221; row_col_equal_heights=&#8221;no&#8221; row_expanding=&#8221;no&#8221; row_animation=&#8221;none&#8221; row_animation_delay=&#8221;0&#8243; minimize_row=&#8221;no&#8221; simplified_controls=&#8221;yes&#8221; custom_css_percentage=&#8221;no&#8221; custom_css=&#8221;margin-top: 0px;margin-bottom: 0px;&#8221; border_styling_global=&#8221;default&#8221; el_class=&#8221;space&#8221; width=&#8221;1\/1&#8243; el_position=&#8221;first last&#8221;] [spb_text_block animation=&#8221;none&#8221; animation_delay=&#8221;0&#8243; simplified_controls=&#8221;yes&#8221; custom_css_percentage=&#8221;no&#8221; padding_vertical=&#8221;0&#8243; padding_horizontal=&#8221;0&#8243; margin_vertical=&#8221;0&#8243; custom_css=&#8221;margin-top: 0px;margin-bottom: 0px;&#8221; border_size=&#8221;0&#8243; border_styling_global=&#8221;default&#8221; width=&#8221;1\/1&#8243; el_position=&#8221;first last&#8221;]\n<h2 style=\"text-align: center;\">Nie przegap ciekawych wydarze\u0144 na \u015bcie\u017cce<\/h2>\n<p style=\"text-align: center;\"><div class=\"horizontal-break\"> <\/div>\n<p style=\"text-align: center;\">Mo\u017cliwo\u015b\u0107 zapisania si\u0119 na nasz newsletter<\/p>\n[\/spb_text_block] [spb_blank_spacer responsive_vis=&#8221;hidden-xs&#8221; height=&#8221;30px&#8221; width=&#8221;1\/6&#8243; el_position=&#8221;first&#8221;] [spb_column col_sm=&#8221;8&#8243; col_animation=&#8221;none&#8221; col_animation_delay=&#8221;0&#8243; col_bg_type=&#8221;cover&#8221; col_parallax_image_movement=&#8221;fixed&#8221; col_parallax_image_speed=&#8221;0.5&#8243; col_padding=&#8221;0&#8243; col_vertical_offset=&#8221;0&#8243; col_horizontal_offset=&#8221;0&#8243; col_custom_zindex=&#8221;0&#8243; simplified_controls=&#8221;yes&#8221; custom_css_percentage=&#8221;no&#8221; padding_vertical=&#8221;400&#8243; padding_horizontal=&#8221;0&#8243; margin_vertical=&#8221;0&#8243; custom_css=&#8221;margin-top: 0px;margin-bottom: 0px;&#8221; border_styling_global=&#8221;default&#8221; width=&#8221;2\/3&#8243;] [spb_text_block animation=&#8221;none&#8221; animation_delay=&#8221;0&#8243; simplified_controls=&#8221;yes&#8221; custom_css_percentage=&#8221;no&#8221; padding_vertical=&#8221;0&#8243; padding_horizontal=&#8221;0&#8243; margin_vertical=&#8221;0&#8243; custom_css=&#8221;margin-top: 0px;margin-bottom: 0px;&#8221; border_size=&#8221;0&#8243; border_styling_global=&#8221;default&#8221; width=&#8221;1\/1&#8243; el_position=&#8221;first last&#8221;]\n<p style=\"text-align: center;\"><!-- MailChimp for WordPress v4.1.5 - https:\/\/wordpress.org\/plugins\/mailchimp-for-wp\/ --><form id=\"mc4wp-form-1\" class=\"mc4wp-form mc4wp-form-252\" method=\"post\" data-id=\"252\" data-name=\"Newsletter\" ><div class=\"mc4wp-form-fields\"><p>\r\n\t<label>E-mailov\u00e1 adresa: <\/label>\r\n\t<input type=\"email\" name=\"EMAIL\" placeholder=\"Va\u0161a e-mailov\u00e1 adresa\" required \/>\r\n<\/p>\r\n<p>\r\n\t<label>Meno: <\/label>\r\n\t<input type=\"text\" name=\"NAME\" placeholder=\"Va\u0161a meno a priezvisko\" required \/>\r\n<\/p>\r\n<p style=\"text-align: center;\">\r\n  <a class=\"sf-button standard accent default\">\r\n\t<input type=\"submit\" value=\"Odobera\u0165 novinky\" \/>\r\n    <\/a>\r\n  <p>\r\n   <label>\r\n        <input name=\"_mc4wp_agree_to_terms\" type=\"checkbox\" value=\"1\" required=\"\">D\u00e1vam dobrovo\u013en\u00fd s\u00fahlas spolo\u010dnosti Chodn\u00edk korunami stromov s.r.o. Hviezdoslavovo n\u00e1mestie 16, 811 02 Bratislava \r\n     na zasielanie bezplatn\u00e9ho newslettera s novinkami a ponukami spolo\u010dnosti na mnou zadan\u00fd e-mail. Novinky od v\u00e1s dostanem najviac dvakr\u00e1t \r\n     do mesiaca. Tento s\u00fahlas m\u00f4\u017eem kedyko\u013evek odvola\u0165 na suhlas@chodnikkorunamistromov.sk. S\u00fa\u010dasne potvrdzujem, \u017ee som sa obozn\u00e1mil (a) s inform\u00e1ciami v sekcii\r\n       <font color=\"red\"><a href=\"https:\/\/chodnikkorunamistromov.sk\/zasady-spracuvania-osobnych-udajov\/\">\u201eZ\u00e1sady sprac\u00favania osobn\u00fdch \u00fadajov\u201c<\/a><\/font><\/label>\r\n<\/p><div style=\"display: none;\"><input type=\"text\" name=\"_mc4wp_honeypot\" value=\"\" tabindex=\"-1\" autocomplete=\"off\" \/><\/div><input type=\"hidden\" name=\"_mc4wp_timestamp\" value=\"1777060068\" \/><input type=\"hidden\" name=\"_mc4wp_form_id\" value=\"252\" \/><input type=\"hidden\" name=\"_mc4wp_form_element_id\" value=\"mc4wp-form-1\" \/><\/div><div class=\"mc4wp-response\"><\/div><\/form><!-- \/ MailChimp for WordPress Plugin --><\/p>\n[\/spb_text_block] [\/spb_column] [spb_blank_spacer responsive_vis=&#8221;hidden-xs&#8221; height=&#8221;30px&#8221; width=&#8221;1\/6&#8243; el_position=&#8221;last&#8221;] [\/spb_row] [spb_swift_slider fullscreen=&#8221;false&#8221; maxheight=&#8221;600&#8243; slidecount=&#8221;8&#8243; category=&#8221;chodniky-pl&#8221; autoplay=&#8221;5000&#8243; transition=&#8221;fade&#8221; loop=&#8221;true&#8221; nav=&#8221;true&#8221; pagination=&#8221;false&#8221; continue=&#8221;false&#8221; fullwidth=&#8221;yes&#8221; width=&#8221;1\/1&#8243; el_position=&#8221;first last&#8221;] [spb_divider type=&#8221;standard&#8221; text=&#8221;Go to top&#8221; top_margin=&#8221;0px&#8221; bottom_margin=&#8221;30px&#8221; fullwidth=&#8221;yes&#8221; width=&#8221;1\/1&#8243; el_position=&#8221;first last&#8221;]\n","protected":false},"excerpt":{"rendered":"<p>[spb_row element_name=&#8221;O ve\u017ei&#8221; wrap_type=&#8221;standard-width&#8221; row_bg_type=&#8221;color&#8221; color_row_height=&#8221;content-height&#8221; bg_type=&#8221;cover&#8221; parallax_image_height=&#8221;content-height&#8221; parallax_image_movement=&#8221;fixed&#8221; parallax_image_speed=&#8221;standard&#8221; bg_video_loop=&#8221;yes&#8221; parallax_video_height=&#8221;window-height&#8221; row_top_style=&#8221;none&#8221; row_bottom_style=&#8221;none&#8221; parallax_video_overlay=&#8221;none&#8221; row_overlay_opacity=&#8221;0&#8243; remove_element_spacing=&#8221;no&#8221; row_col_spacing=&#8221;0&#8243; row_col_pos=&#8221;default&#8221; row_col_equal_heights=&#8221;no&#8221; row_expanding=&#8221;no&#8221; row_animation=&#8221;none&#8221; row_animation_delay=&#8221;0&#8243; minimize_row=&#8221;no&#8221; simplified_controls=&#8221;yes&#8221; custom_css_percentage=&#8221;no&#8221; custom_css=&#8221;margin-top: 0px;margin-bottom: 0px;&#8221; border_styling_global=&#8221;default&#8221; el_class=&#8221;space&#8221; width=&#8221;1\/1&#8243; el_position=&#8221;first last&#8221;] [spb_blank_spacer responsive_vis=&#8221;hidden-lg_hidden-md_hidden-sm&#8221; height=&#8221;30px&#8221; width=&#8221;1\/1&#8243; el_position=&#8221;first last&#8221;] [spb_blog blog_type=&#8221;masonry&#8221; gutters=&#8221;yes&#8221; columns=&#8221;2&#8243; fullwidth=&#8221;no&#8221; item_count=&#8221;6&#8243; category=&#8221;All&#8221; offset=&#8221;0&#8243; order_by=&#8221;date&#8221; order=&#8221;DESC&#8221; show_title=&#8221;yes&#8221; show_excerpt=&#8221;yes&#8221; show_details=&#8221;yes&#8221; excerpt_length=&#8221;20&#8243; content_output=&#8221;excerpt&#8221; show_read_more=&#8221;yes&#8221; social_integration=&#8221;no&#8221; blog_filter=&#8221;yes&#8221; basic_blog_filter=&#8221;no&#8221; pagination=&#8221;infinite-scroll&#8221; [&hellip;]<\/p>\n","protected":false},"author":7,"featured_media":0,"parent":0,"menu_order":0,"comment_status":"closed","ping_status":"closed","template":"","meta":{"footnotes":""},"class_list":["post-513","page","type-page","status-publish","hentry"],"yoast_head":"<!-- This site is optimized with the Yoast SEO plugin v24.6 - https:\/\/yoast.com\/wordpress\/plugins\/seo\/ -->\n<title>Imprezy i wydarzenia | \u015acie\u017cka w koronach drzew | Z ziemi a\u017c do czubk\u00f3w drzew<\/title>\n<meta name=\"description\" content=\"Nie przegap ciekawych wydarze\u0144 na \u015bcie\u017cce...\" \/>\n<meta name=\"robots\" content=\"index, follow, max-snippet:-1, max-image-preview:large, max-video-preview:-1\" \/>\n<link rel=\"canonical\" href=\"https:\/\/chodnikkorunamistromov.sk\/akcie-novinky\/\" \/>\n<meta property=\"og:locale\" content=\"pl_PL\" \/>\n<meta property=\"og:type\" content=\"article\" \/>\n<meta property=\"og:title\" content=\"Imprezy i wydarzenia | \u015acie\u017cka w koronach drzew | Z ziemi a\u017c do czubk\u00f3w drzew\" \/>\n<meta property=\"og:description\" content=\"Nie przegap ciekawych wydarze\u0144 na \u015bcie\u017cce...\" \/>\n<meta property=\"og:url\" content=\"https:\/\/chodnikkorunamistromov.sk\/akcie-novinky\/\" \/>\n<meta property=\"og:site_name\" content=\"Chodn\u00edk korunami stromov\" \/>\n<meta property=\"article:modified_time\" content=\"2020-02-12T08:37:42+00:00\" \/>\n<meta name=\"twitter:card\" content=\"summary_large_image\" \/>\n<meta name=\"twitter:label1\" content=\"Szacowany czas czytania\" \/>\n\t<meta name=\"twitter:data1\" content=\"3 minuty\" \/>\n<script type=\"application\/ld+json\" class=\"yoast-schema-graph\">{\"@context\":\"https:\/\/schema.org\",\"@graph\":[{\"@type\":\"WebPage\",\"@id\":\"https:\/\/chodnikkorunamistromov.sk\/akcie-novinky\/\",\"url\":\"https:\/\/chodnikkorunamistromov.sk\/akcie-novinky\/\",\"name\":\"Imprezy i wydarzenia | \u015acie\u017cka w koronach drzew | Z ziemi a\u017c do czubk\u00f3w drzew\",\"isPartOf\":{\"@id\":\"https:\/\/chodnikkorunamistromov.sk\/#website\"},\"datePublished\":\"2017-08-23T08:21:54+00:00\",\"dateModified\":\"2020-02-12T08:37:42+00:00\",\"description\":\"Nie przegap ciekawych wydarze\u0144 na \u015bcie\u017cce...\",\"breadcrumb\":{\"@id\":\"https:\/\/chodnikkorunamistromov.sk\/akcie-novinky\/#breadcrumb\"},\"inLanguage\":\"pl-PL\",\"potentialAction\":[{\"@type\":\"ReadAction\",\"target\":[\"https:\/\/chodnikkorunamistromov.sk\/akcie-novinky\/\"]}]},{\"@type\":\"BreadcrumbList\",\"@id\":\"https:\/\/chodnikkorunamistromov.sk\/akcie-novinky\/#breadcrumb\",\"itemListElement\":[{\"@type\":\"ListItem\",\"position\":1,\"name\":\"Home\",\"item\":\"https:\/\/chodnikkorunamistromov.sk\/pl\/\"},{\"@type\":\"ListItem\",\"position\":2,\"name\":\"Imprezy i wydarzenia\"}]},{\"@type\":\"WebSite\",\"@id\":\"https:\/\/chodnikkorunamistromov.sk\/#website\",\"url\":\"https:\/\/chodnikkorunamistromov.sk\/\",\"name\":\"Chodn\u00edk korunami stromov\",\"description\":\"Bachledka\",\"potentialAction\":[{\"@type\":\"SearchAction\",\"target\":{\"@type\":\"EntryPoint\",\"urlTemplate\":\"https:\/\/chodnikkorunamistromov.sk\/?s={search_term_string}\"},\"query-input\":{\"@type\":\"PropertyValueSpecification\",\"valueRequired\":true,\"valueName\":\"search_term_string\"}}],\"inLanguage\":\"pl-PL\"}]}<\/script>\n<!-- \/ Yoast SEO plugin. -->","yoast_head_json":{"title":"Imprezy i wydarzenia | \u015acie\u017cka w koronach drzew | Z ziemi a\u017c do czubk\u00f3w drzew","description":"Nie przegap ciekawych wydarze\u0144 na \u015bcie\u017cce...","robots":{"index":"index","follow":"follow","max-snippet":"max-snippet:-1","max-image-preview":"max-image-preview:large","max-video-preview":"max-video-preview:-1"},"canonical":"https:\/\/chodnikkorunamistromov.sk\/akcie-novinky\/","og_locale":"pl_PL","og_type":"article","og_title":"Imprezy i wydarzenia | \u015acie\u017cka w koronach drzew | Z ziemi a\u017c do czubk\u00f3w drzew","og_description":"Nie przegap ciekawych wydarze\u0144 na \u015bcie\u017cce...","og_url":"https:\/\/chodnikkorunamistromov.sk\/akcie-novinky\/","og_site_name":"Chodn\u00edk korunami stromov","article_modified_time":"2020-02-12T08:37:42+00:00","twitter_card":"summary_large_image","twitter_misc":{"Szacowany czas czytania":"3 minuty"},"schema":{"@context":"https:\/\/schema.org","@graph":[{"@type":"WebPage","@id":"https:\/\/chodnikkorunamistromov.sk\/akcie-novinky\/","url":"https:\/\/chodnikkorunamistromov.sk\/akcie-novinky\/","name":"Imprezy i wydarzenia | \u015acie\u017cka w koronach drzew | Z ziemi a\u017c do czubk\u00f3w drzew","isPartOf":{"@id":"https:\/\/chodnikkorunamistromov.sk\/#website"},"datePublished":"2017-08-23T08:21:54+00:00","dateModified":"2020-02-12T08:37:42+00:00","description":"Nie przegap ciekawych wydarze\u0144 na \u015bcie\u017cce...","breadcrumb":{"@id":"https:\/\/chodnikkorunamistromov.sk\/akcie-novinky\/#breadcrumb"},"inLanguage":"pl-PL","potentialAction":[{"@type":"ReadAction","target":["https:\/\/chodnikkorunamistromov.sk\/akcie-novinky\/"]}]},{"@type":"BreadcrumbList","@id":"https:\/\/chodnikkorunamistromov.sk\/akcie-novinky\/#breadcrumb","itemListElement":[{"@type":"ListItem","position":1,"name":"Home","item":"https:\/\/chodnikkorunamistromov.sk\/pl\/"},{"@type":"ListItem","position":2,"name":"Imprezy i wydarzenia"}]},{"@type":"WebSite","@id":"https:\/\/chodnikkorunamistromov.sk\/#website","url":"https:\/\/chodnikkorunamistromov.sk\/","name":"Chodn\u00edk korunami stromov","description":"Bachledka","potentialAction":[{"@type":"SearchAction","target":{"@type":"EntryPoint","urlTemplate":"https:\/\/chodnikkorunamistromov.sk\/?s={search_term_string}"},"query-input":{"@type":"PropertyValueSpecification","valueRequired":true,"valueName":"search_term_string"}}],"inLanguage":"pl-PL"}]}},"_links":{"self":[{"href":"https:\/\/chodnikkorunamistromov.sk\/pl\/wp-json\/wp\/v2\/pages\/513","targetHints":{"allow":["GET"]}}],"collection":[{"href":"https:\/\/chodnikkorunamistromov.sk\/pl\/wp-json\/wp\/v2\/pages"}],"about":[{"href":"https:\/\/chodnikkorunamistromov.sk\/pl\/wp-json\/wp\/v2\/types\/page"}],"author":[{"embeddable":true,"href":"https:\/\/chodnikkorunamistromov.sk\/pl\/wp-json\/wp\/v2\/users\/7"}],"replies":[{"embeddable":true,"href":"https:\/\/chodnikkorunamistromov.sk\/pl\/wp-json\/wp\/v2\/comments?post=513"}],"version-history":[{"count":2,"href":"https:\/\/chodnikkorunamistromov.sk\/pl\/wp-json\/wp\/v2\/pages\/513\/revisions"}],"predecessor-version":[{"id":3029,"href":"https:\/\/chodnikkorunamistromov.sk\/pl\/wp-json\/wp\/v2\/pages\/513\/revisions\/3029"}],"wp:attachment":[{"href":"https:\/\/chodnikkorunamistromov.sk\/pl\/wp-json\/wp\/v2\/media?parent=513"}],"curies":[{"name":"wp","href":"https:\/\/api.w.org\/{rel}","templated":true}]}}